{"id":110,"date":"2022-10-15T11:43:17","date_gmt":"2022-10-15T11:43:17","guid":{"rendered":"http:\/\/www.restaurant-algarve.com\/?page_id=110"},"modified":"2022-10-18T20:14:40","modified_gmt":"2022-10-18T20:14:40","slug":"tisch-reservieren","status":"publish","type":"page","link":"https:\/\/www.restaurant-algarve.com\/?page_id=110","title":{"rendered":"Tisch reservieren"},"content":{"rendered":"\n<h2 class=\"has-text-align-center wp-block-heading\">Wir freuen uns auf Sie \ud83d\ude42<\/h2>\n\n\n\n<p class=\"has-text-align-center\">Mit dem nachstehenden Formular k\u00f6nnen Sie sehr einfach eine Reservierungs-Anfrage stellen.  Wenn Ihnen bestimmte Tage nicht angeboten werden, dann sind wir an diesen Tagen leider schon ausgebucht.<\/p>\n\n\n\n<p class=\"has-text-align-center\">Wir geben Ihnen binnen 24 Stunden eine R\u00fcckmeldung, ob wir einen Tisch f\u00fcr Sie reservieren konnten oder ob wir an dem von Ihnen gew\u00fcnschten Termin ausgebucht sind. Diese R\u00fcckmeldung erhalten Sie als SMS und\/oder per Email.<\/p>\n\n\n\n<div id=\"hors-hydra-2c75f5cf-3590-4dfd-b333-048bc10a53e7\"><\/div><script>\tvar _hors=[['eid','hydra-2c75f5cf-3590-4dfd-b333-048bc10a53e7'],['tagid','hors-hydra-2c75f5cf-3590-4dfd-b333-048bc10a53e7'],['width','100%'],['height',''],['foregroundColor',''],['backgroundColor',''],['linkColor',''],['errorColor',''],['primaryButtonForegroundColor',''],['primaryButtonBackgroundColor',''],['secondaryButtonForegroundColor',''],['secondaryButtonBackgroundColor','']];\t(function(d, t) { var e=d.createElement(t),s=d.getElementsByTagName(t)[0];\te.src = \"https:\/\/reservation.dish.co\/widget.js\";\ts.parentNode.insertBefore(e,s);\t}(document, 'script'));<\/script>\n","protected":false},"excerpt":{"rendered":"<p>Wir freuen uns auf Sie \ud83d\ude42 Mit dem nachstehenden Formular k\u00f6nnen Sie sehr einfach eine Reservierungs-Anfrage stellen. Wenn Ihnen bestimmte Tage nicht angeboten werden, dann sind wir an diesen Tagen leider schon ausgebucht. Wir geben Ihnen binnen 24 Stunden eine R\u00fcckmeldung, ob wir einen Tisch f\u00fcr Sie reservieren konnten oder ob wir an dem von [&hellip;]<\/p>\n","protected":false},"author":1,"featured_media":105,"parent":0,"menu_order":0,"comment_status":"closed","ping_status":"closed","template":"","meta":{"footnotes":""},"class_list":["post-110","page","type-page","status-publish","has-post-thumbnail","hentry","entry"],"_links":{"self":[{"href":"https:\/\/www.restaurant-algarve.com\/index.php?rest_route=\/wp\/v2\/pages\/110","targetHints":{"allow":["GET"]}}],"collection":[{"href":"https:\/\/www.restaurant-algarve.com\/index.php?rest_route=\/wp\/v2\/pages"}],"about":[{"href":"https:\/\/www.restaurant-algarve.com\/index.php?rest_route=\/wp\/v2\/types\/page"}],"author":[{"embeddable":true,"href":"https:\/\/www.restaurant-algarve.com\/index.php?rest_route=\/wp\/v2\/users\/1"}],"replies":[{"embeddable":true,"href":"https:\/\/www.restaurant-algarve.com\/index.php?rest_route=%2Fwp%2Fv2%2Fcomments&post=110"}],"version-history":[{"count":4,"href":"https:\/\/www.restaurant-algarve.com\/index.php?rest_route=\/wp\/v2\/pages\/110\/revisions"}],"predecessor-version":[{"id":115,"href":"https:\/\/www.restaurant-algarve.com\/index.php?rest_route=\/wp\/v2\/pages\/110\/revisions\/115"}],"wp:featuredmedia":[{"embeddable":true,"href":"https:\/\/www.restaurant-algarve.com\/index.php?rest_route=\/wp\/v2\/media\/105"}],"wp:attachment":[{"href":"https:\/\/www.restaurant-algarve.com\/index.php?rest_route=%2Fwp%2Fv2%2Fmedia&parent=110"}],"curies":[{"name":"wp","href":"https:\/\/api.w.org\/{rel}","templated":true}]}}